{"id":1958,"date":"2017-06-27T10:45:11","date_gmt":"2017-06-27T10:45:11","guid":{"rendered":"http:\/\/www.grupdanalisi.org\/about-grup-danalisi-barcelona\/knitting-networks-between-individuals-and-groups\/"},"modified":"2017-06-27T10:50:27","modified_gmt":"2017-06-27T10:50:27","slug":"knitting-networks-between-individuals-and-groups","status":"publish","type":"page","link":"http:\/\/www.grupdanalisi.org\/en\/about-grup-danalisi-barcelona\/knitting-networks-between-individuals-and-groups\/","title":{"rendered":"Knitting networks between individuals and groups"},"content":{"rendered":"<p style=\"text-align: justify;\"><b><a href=\"http:\/\/www.grupdanalisi.org\/wp-content\/uploads\/2009\/05\/Red-1.jpg\"><img loading=\"lazy\" class=\"alignleft size-medium wp-image-1960\" src=\"http:\/\/www.grupdanalisi.org\/wp-content\/uploads\/2009\/05\/Red-1-267x300.jpg\" alt=\"\" width=\"267\" height=\"300\" srcset=\"http:\/\/www.grupdanalisi.org\/wp-content\/uploads\/2009\/05\/Red-1-267x300.jpg 267w, http:\/\/www.grupdanalisi.org\/wp-content\/uploads\/2009\/05\/Red-1-768x864.jpg 768w, http:\/\/www.grupdanalisi.org\/wp-content\/uploads\/2009\/05\/Red-1-510x574.jpg 510w, http:\/\/www.grupdanalisi.org\/wp-content\/uploads\/2009\/05\/Red-1.jpg 800w\" sizes=\"(max-width: 267px) 100vw, 267px\" \/><\/a>The concept of net<\/b> is a cornerstone of groupanalysis and also of the origin of Internet. In groupanalysis the net is a <i>network<\/i>, this is to say a work of communication in a net. The authors and co-authors \u2014present, past and future\u2014 of this Blog are nodal points of a net or transpersonal matrix of communication that inevitably get into knots with each other and support the net itself. Depending on the question posed, one or another nodal point lights up, a network that characterises a particular group at a given moment. Like in the neuronal net, the social and professional nets show the relations between the different individuals and group. The nets change and develop, and we can think that the history is an interpretation which interweaves the biographical threads of the individuals with the social threads of the political, cultural and professional contexts throughout time.<\/p>\n<p style=\"text-align: justify;\">This section presents the pioneering work of Juan Campos in his effort to analyse the professional group associations in relation to their origin and course or their founders. His trajectory in their midst, accompanied by others, has made it possible to elaborate some histories of the development of professional institutions; this is to say of the <b>intra-group networks<\/b>.<\/p>\n<p style=\"text-align: justify;\">Also included in this section are the attempts of investigating and better understanding the relations between groups whose networks distinguish themselves as far as origin and course is concerned but whose relationships are indispensable for a multi- and transdisciplinary approach, that is to say, how <b>intergroup networks<\/b> are established.<\/p>\n<p style=\"text-align: justify;\">Finally, trying to illustrate how a trajectory in groupanalysis is being woven between individuals and groups, we share our own histories. In 2008 there arose the proposal that the then four members of Grup d\u2019An\u00e0lisi describe their own course of development, something that was not going to be easy, since although the themes and the milestones could be common to all the members of the group \u2014and to others also\u2014 the dates and the concrete facts distant us from the shared and inserted us in the particular course taken. The creative solution to a particular knot, where the individual and the group articulate, becomes concrete\u00a0 in the structure of the Blog of Gd\u2019AB, as well as in the attempt to find nodal points and subjects in which everyone can identify our course of development in and with the groups. That is to say, the milestones and <b>networks between individuals and group<\/b>.<\/p>\n<p style=\"text-align: right;\"><em>English translations are not available of texts marked with an asterisk*<\/em><\/p>\n<h4><b>Intra-group networks<\/b><\/h4>\n<ul>\n<li>\n<address><em>\u00a0<a href=\"http:\/\/www.grupdanalisi.org\/?page_id=517\" target=\"_blank\" rel=\"noopener\">Introduction by Hanne Campos to<\/a>: &#8220;Milestones in the History of Group Analysis. The European Group Analytic Movement and the Question of Internationality of Group Analysis&#8221;,\u00a0Juan Campos, 1981 &#8211; 2004\u00a0<\/em><\/address>\n<\/li>\n<li>\n<address><em> <a href=\"http:\/\/arxius.grupdanalisi.org\/GDAP\/HistoryIAGP_M.pdf\" target=\"_blank\" rel=\"noopener\">A History of the IAGP: Facts and Findings<\/a> by Juan Campos, 1998<\/em><\/address>\n<\/li>\n<li>\n<address><em> <a href=\"http:\/\/arxius.grupdanalisi.org\/GDAP\/2004_Epilogo_prologo_postumo_Eng.pdf\" target=\"_blank\" rel=\"noopener\">The Developement of Group Analysis in Spain. Epilogue to a Posthumous Prologue<\/a>, Juan y Hanne Campos, 2004<\/em><\/address>\n<\/li>\n<\/ul>\n<h4><b>Intergroup networks<br \/>\n<\/b><\/h4>\n<ul>\n<li><a href=\"http:\/\/joancampos.grupdanalisi.org\/1988-1998-del-group-analysis-al-grup-danalisi\/gdab-y-septg\">Gd&#8217;AB y SEPTG Muchos a\u00f1os de fruct\u00edfera *<\/a><\/li>\n<li>\u00a0GAO Foulkes-Pichon Rivi\u00e8re un encuentro p\u00f3stumo. Juan Campos y Hern\u00e1n Kesselman, 1980-1986. En:\n<ul>\n<li>\u201c<a title=\"dialogo pendiente\" href=\"http:\/\/arxius.grupdanalisi.org\/OCJCampos\/1984_SHF_PR_dialogo_Pendiente.pdf\" target=\"_blank\" rel=\"noopener\">Grupo An\u00e1lisis Operativo: Foulkes \u2013 Pichon-Rivi\u00e8re, un di\u00e1logo pendiente, un di\u00e1logo para un cambio<\/a>\u201d. Juan Campos y Hern\u00e1n Kesselman*<\/li>\n<li><a href=\"http:\/\/www.grupdanalisi.org\/?page_id=661\">Introducci\u00f3n al proyecto GAO<\/a> por Hanne Campos*<\/li>\n<\/ul>\n<\/li>\n<li>Gd&#8217;AB\u00a0&amp; IAGP:\n<ul>\n<li><a title=\"1987-1989 IAGP History: Pioneers\u2019 Re-encounter\" href=\"http:\/\/www.grupdanalisi.org\/?page_id=1513\" target=\"_blank\" rel=\"noopener\">1987-1989 IAGP History: Pioneers\u2019 Re-encounter<\/a><\/li>\n<li><a title=\"1987-1998 IAGP: Group Analysis Section\" href=\"http:\/\/www.grupdanalisi.org\/?page_id=1528\" target=\"_blank\" rel=\"noopener\">1987-1998 IAGP: Group Analysis Section<\/a><\/li>\n<\/ul>\n<\/li>\n<li>JCA &amp; GAS:\n<ul>\n<li><a title=\"1981 Crossroads and a decisive year for the GAS\" href=\"http:\/\/www.grupdanalisi.org\/?page_id=1486\" target=\"_blank\" rel=\"noopener\">1981 Crossroads and a decisive year for the GAS<\/a><\/li>\n<\/ul>\n<\/li>\n<li>Gd&#8217;AB &amp; The Lifwynn Foundation:\n<ul>\n<li><a title=\"1988-1998 Juan Campos and Alfreda Galt. Four stages of Correspondence\" href=\"http:\/\/www.grupdanalisi.org\/?page_id=1546\" target=\"_blank\" rel=\"noopener\">1988 The Lifwynn Foundation\u00a0 and Trigant Burrow<\/a><\/li>\n<li><a title=\"1988-1998 Juan Campos and Alfreda Galt. Four stages of Correspondence\" href=\"http:\/\/www.grupdanalisi.org\/?page_id=1546\" target=\"_blank\" rel=\"noopener\">1988-1998 Juan Campos and Alfreda Galt. Four stages of Correspondence<\/a><\/li>\n<\/ul>\n<\/li>\n<li><a title=\"Grupo An\u00e1lisis y Grup d\u2019An\u00e1lisi Barcelona en la Universidad (1993-1994)\" href=\"http:\/\/joancampos.grupdanalisi.org\/1988-1998-del-group-analysis-al-grup-danalisi\/grupo-anlisis-y-grup-danlisi-barcelona-en-la-universidad-1993-1994\" target=\"_blank\" rel=\"noopener\">Grupo An\u00e1lisis y Grup d\u2019An\u00e1lisi Barcelona en la Universidad (1993-1994)<\/a>*<\/li>\n<li><a href=\"http:\/\/joancampos.grupdanalisi.org\/1998-2008-grupoanalisis-motor-de-cambio\/grupoanalisis-en-ciberespacio\/testimonio-personal-y-transmision-virtual-del-grupoanalisis\">Testimonio personal y transmisi\u00f3n virtual del grupoan\u00e1lisis<\/a>*<\/li>\n<\/ul>\n<h4><b>Networks between individuals and group<\/b><\/h4>\n<ul>\n<li><a href=\"http:\/\/arxius.grupdanalisi.org\/GDAP\/2008_JCA_SingladuraGA_ENG.pdf\" target=\"_blank\" rel=\"noopener\">2008, Juan Campos, Pathway in GA<\/a><\/li>\n<li><a href=\"http:\/\/arxius.grupdanalisi.org\/GDAP\/Singladura_HC_Eng.pdf\" target=\"_blank\" rel=\"noopener\">2010\u00a0 Hanne Campos, Pathway in GA<\/a><\/li>\n<li><a title=\"S_MMt\" href=\"http:\/\/arxius.grupdanalisi.org\/GDAP\/Singladura_MMT_ENG.pdf\" target=\"_blank\" rel=\"noopener\">2009,\u00a0 Merc\u00e8 Mart\u00ednez, Pathway in GA<\/a><\/li>\n<li><a href=\"http:\/\/arxius.grupdanalisi.org\/GDAP\/Singladura_Pere.pdf\" target=\"_blank\" rel=\"noopener\">2009,\u00a0 Mi singladura en Grup d&#8217;An\u00e0lisi Barcelona. Pere Mir*<\/a><\/li>\n<\/ul>\n<hr \/>\n","protected":false},"excerpt":{"rendered":"<p>The concept of net is a cornerstone of groupanalysis and also of the origin of Internet. In groupanalysis the net is a network, this is to say a work of communication in a net. The authors and co-authors \u2014present, past and future\u2014 of this Blog are nodal points of a net or transpersonal matrix of [&hellip;]<\/p>\n","protected":false},"author":4,"featured_media":0,"parent":1957,"menu_order":1,"comment_status":"open","ping_status":"closed","template":"","meta":{"_et_pb_use_builder":"","_et_pb_old_content":"","_et_gb_content_width":""},"_links":{"self":[{"href":"http:\/\/www.grupdanalisi.org\/en\/wp-json\/wp\/v2\/pages\/1958"}],"collection":[{"href":"http:\/\/www.grupdanalisi.org\/en\/wp-json\/wp\/v2\/pages"}],"about":[{"href":"http:\/\/www.grupdanalisi.org\/en\/wp-json\/wp\/v2\/types\/page"}],"author":[{"embeddable":true,"href":"http:\/\/www.grupdanalisi.org\/en\/wp-json\/wp\/v2\/users\/4"}],"replies":[{"embeddable":true,"href":"http:\/\/www.grupdanalisi.org\/en\/wp-json\/wp\/v2\/comments?post=1958"}],"version-history":[{"count":0,"href":"http:\/\/www.grupdanalisi.org\/en\/wp-json\/wp\/v2\/pages\/1958\/revisions"}],"up":[{"embeddable":true,"href":"http:\/\/www.grupdanalisi.org\/en\/wp-json\/wp\/v2\/pages\/1957"}],"wp:attachment":[{"href":"http:\/\/www.grupdanalisi.org\/en\/wp-json\/wp\/v2\/media?parent=1958"}],"curies":[{"name":"wp","href":"https:\/\/api.w.org\/{rel}","templated":true}]}}